{"id":821,"date":"2025-03-01T17:33:33","date_gmt":"2025-03-01T16:33:33","guid":{"rendered":"https:\/\/www.zatouk-percussions.fr\/?page_id=821"},"modified":"2025-10-09T09:53:49","modified_gmt":"2025-10-09T07:53:49","slug":"presentation","status":"publish","type":"page","link":"https:\/\/www.zatouk-percussions.fr\/index.php\/presentation\/","title":{"rendered":"Presentation"},"content":{"rendered":"\t\t<div data-elementor-type=\"wp-post\" data-elementor-id=\"821\" class=\"elementor elementor-821\">\n\t\t\t\t<div class=\"elementor-element elementor-element-3ed37db e-con-full e-grid e-con e-parent\" data-id=\"3ed37db\" data-element_type=\"container\" data-settings=\"{&quot;background_background&quot;:&quot;classic&quot;}\">\n\t\t\t\t<div class=\"elementor-element elementor-element-91a7957 elementor-widget__width-initial elementor-widget elementor-widget-ekit-nav-menu\" data-id=\"91a7957\" data-element_type=\"widget\" data-widget_type=\"ekit-nav-menu.default\">\n\t\t\t\t<div class=\"elementor-widget-container\">\n\t\t\t\t\t\t\t<nav class=\"ekit-wid-con ekit_menu_responsive_tablet\" \n\t\t\tdata-hamburger-icon=\"\" \n\t\t\tdata-hamburger-icon-type=\"icon\" \n\t\t\tdata-responsive-breakpoint=\"1024\">\n\t\t\t            <button class=\"elementskit-menu-hamburger elementskit-menu-toggler\"  type=\"button\" aria-label=\"hamburger-icon\">\n                                    <span class=\"elementskit-menu-hamburger-icon\"><\/span><span class=\"elementskit-menu-hamburger-icon\"><\/span><span class=\"elementskit-menu-hamburger-icon\"><\/span>\n                            <\/button>\n            <div id=\"ekit-megamenu-menu\" class=\"elementskit-menu-container elementskit-menu-offcanvas-elements elementskit-navbar-nav-default ekit-nav-menu-one-page-no ekit-nav-dropdown-hover\"><ul id=\"menu-menu\" class=\"elementskit-navbar-nav elementskit-menu-po-left submenu-click-on-icon\"><li id=\"menu-item-3362\" class=\"menu-item menu-item-type-post_type menu-item-object-page menu-item-home menu-item-3362 nav-item elementskit-mobile-builder-content\" data-vertical-menu=750px><a href=\"https:\/\/www.zatouk-percussions.fr\/\" class=\"ekit-menu-nav-link\">Accueil<\/a><\/li>\n<li id=\"menu-item-1380\" class=\"menu-item menu-item-type-post_type menu-item-object-page menu-item-1380 nav-item elementskit-mobile-builder-content\" data-vertical-menu=750px><a href=\"https:\/\/www.zatouk-percussions.fr\/index.php\/presentation\/\" class=\"ekit-menu-nav-link\">Presentation<\/a><\/li>\n<li id=\"menu-item-1384\" class=\"menu-item menu-item-type-post_type menu-item-object-page menu-item-1384 nav-item elementskit-mobile-builder-content\" data-vertical-menu=750px><a href=\"https:\/\/www.zatouk-percussions.fr\/index.php\/galerie\/\" class=\"ekit-menu-nav-link\">Galerie<\/a><\/li>\n<li id=\"menu-item-1383\" class=\"menu-item menu-item-type-post_type menu-item-object-page menu-item-1383 nav-item elementskit-mobile-builder-content\" data-vertical-menu=750px><a href=\"https:\/\/www.zatouk-percussions.fr\/index.php\/agenda\/\" class=\"ekit-menu-nav-link\">Actualit\u00e9\/Agenda<\/a><\/li>\n<li id=\"menu-item-1382\" class=\"menu-item menu-item-type-post_type menu-item-object-page menu-item-1382 nav-item elementskit-mobile-builder-content\" data-vertical-menu=750px><a href=\"https:\/\/www.zatouk-percussions.fr\/index.php\/contact\/\" class=\"ekit-menu-nav-link\">Contact<\/a><\/li>\n<\/ul><div class=\"elementskit-nav-identity-panel\"><button class=\"elementskit-menu-close elementskit-menu-toggler\" type=\"button\">X<\/button><\/div><\/div>\t\t\t\n\t\t\t<div class=\"elementskit-menu-overlay elementskit-menu-offcanvas-elements elementskit-menu-toggler ekit-nav-menu--overlay\"><\/div>        <\/nav>\n\t\t\t\t\t\t<\/div>\n\t\t\t\t<\/div>\n\t\t\t\t<div class=\"elementor-element elementor-element-c7ee7db elementor-widget elementor-widget-image\" data-id=\"c7ee7db\" data-element_type=\"widget\" data-widget_type=\"image.default\">\n\t\t\t\t<div class=\"elementor-widget-container\">\n\t\t\t\t\t\t\t\t\t\t\t\t\t\t\t<img decoding=\"async\" width=\"150\" height=\"150\" src=\"https:\/\/www.zatouk-percussions.fr\/wp-content\/uploads\/2025\/03\/IMG-20250326-WA0010-150x150.jpg\" class=\"attachment-thumbnail size-thumbnail wp-image-2528\" alt=\"\" \/>\t\t\t\t\t\t\t\t\t\t\t\t\t\t\t<\/div>\n\t\t\t\t<\/div>\n\t\t\t\t<\/div>\n\t\t<div class=\"elementor-element elementor-element-0d91483 e-grid e-con-boxed e-con e-parent\" data-id=\"0d91483\" data-element_type=\"container\">\n\t\t\t\t\t<div class=\"e-con-inner\">\n\t\t\t\t<div class=\"elementor-element elementor-element-0457944 elementor-widget elementor-widget-text-editor\" data-id=\"0457944\" data-element_type=\"widget\" data-widget_type=\"text-editor.default\">\n\t\t\t\t<div class=\"elementor-widget-container\">\n\t\t\t\t\t\t\t\t\t<h5><b>ZATOUK PERCUSSIONS<\/b><\/h5>\t\t\t\t\t\t\t\t<\/div>\n\t\t\t\t<\/div>\n\t\t\t\t<div class=\"elementor-element elementor-element-b9d9f73 elementor-widget elementor-widget-text-editor\" data-id=\"b9d9f73\" data-element_type=\"widget\" data-widget_type=\"text-editor.default\">\n\t\t\t\t<div class=\"elementor-widget-container\">\n\t\t\t\t\t\t\t\t\t<h3><em><strong>La batucada du Poizat-Lalleyriat<\/strong><\/em><\/h3>\t\t\t\t\t\t\t\t<\/div>\n\t\t\t\t<\/div>\n\t\t\t\t\t<\/div>\n\t\t\t\t<\/div>\n\t\t<div class=\"elementor-element elementor-element-e77cf26 e-grid elementor-hidden-mobile e-con-boxed e-con e-parent\" data-id=\"e77cf26\" data-element_type=\"container\">\n\t\t\t\t\t<div class=\"e-con-inner\">\n\t\t\t\t<div class=\"elementor-element elementor-element-763dd51 elementor-widget elementor-widget-image\" data-id=\"763dd51\" data-element_type=\"widget\" data-widget_type=\"image.default\">\n\t\t\t\t<div class=\"elementor-widget-container\">\n\t\t\t\t\t\t\t\t\t\t\t\t\t\t\t<img fetchpriority=\"high\" decoding=\"async\" width=\"768\" height=\"637\" src=\"https:\/\/www.zatouk-percussions.fr\/wp-content\/uploads\/2025\/03\/presentation-768x637.jpg\" class=\"attachment-medium_large size-medium_large wp-image-1193\" alt=\"\" srcset=\"https:\/\/www.zatouk-percussions.fr\/wp-content\/uploads\/2025\/03\/presentation-768x637.jpg 768w, https:\/\/www.zatouk-percussions.fr\/wp-content\/uploads\/2025\/03\/presentation-300x249.jpg 300w, https:\/\/www.zatouk-percussions.fr\/wp-content\/uploads\/2025\/03\/presentation-1024x849.jpg 1024w, https:\/\/www.zatouk-percussions.fr\/wp-content\/uploads\/2025\/03\/presentation.jpg 1052w\" sizes=\"(max-width: 768px) 100vw, 768px\" \/>\t\t\t\t\t\t\t\t\t\t\t\t\t\t\t<\/div>\n\t\t\t\t<\/div>\n\t\t\t\t\t<\/div>\n\t\t\t\t<\/div>\n\t\t<div class=\"elementor-element elementor-element-565fc03 e-con-full e-flex e-con e-parent\" data-id=\"565fc03\" data-element_type=\"container\" data-settings=\"{&quot;background_background&quot;:&quot;gradient&quot;}\">\n\t\t\t\t<div class=\"elementor-element elementor-element-2694bdd elementor-widget elementor-widget-text-editor\" data-id=\"2694bdd\" data-element_type=\"widget\" data-widget_type=\"text-editor.default\">\n\t\t\t\t<div class=\"elementor-widget-container\">\n\t\t\t\t\t\t\t\t\t<p>La batucada est une v\u00e9ritable invitation \u00e0 la f\u00eate. D\u00e8s les premiers sons, impossible de rester de marbre face \u00e0 ces rythmes endiabl\u00e9s qui enflamment l\u2019atmosph\u00e8re.<\/p><p>Tr\u00e8s populaires au Br\u00e9sil, dans les d\u00e9fil\u00e9s de rue et les carnavals, ces airs\u00a0ont travers\u00e9 l\u2019Oc\u00e9an Atlantique et ont trouv\u00e9 \u00e9cho en Europe, notamment au Poizat Lalleyriat avec la troupe\u00a0 Zatouk Percussions.<\/p><p>Ce groupe qui s\u00e9duit par son \u00e9nergie et son esprit festif rassemble une trentaine de membres venant de diff\u00e9rentes communes (Oyonnax, Le Poizat Lalleyriat, Confort, Charix, Valserh\u00f4ne, Montr\u00e9al-la Cluse, Nantua).<\/p><p>Apr\u00e8s Pascal Favergeon et Nicolas Bermond, Gael Vuillet est le maestre qui m\u00e8ne cette troupe qui d\u00e9gage une ambiance chaleureuse et conviviale.<\/p><p>Vous pouvez nous suivre\u00a0 en consultant\u00a0 notre page <a href=\"https:\/\/www.zatouk-percussions.fr\/index.php\/agenda\/\">\u00ab\u00a0Actualit\u00e9\/Agenda\u00a0\u00bb<\/a><\/p><p><span style=\"background-color: transparent; text-align: var(--text-align);\">ou suivre notre activit\u00e9 sur les r\u00e9seaux (<a href=\"https:\/\/www.facebook.com\/zatoukpercussions\/\" target=\"_blank\" rel=\"noopener\">Facebook<\/a>, <a href=\"https:\/\/www.instagram.com\/zatoukpercussions\/\" target=\"_blank\" rel=\"noopener\">Instagram<\/a>)<\/span><\/p><p>jeter un coup d&rsquo;oeil\u00a0 \u00e0 notre <em><a href=\"https:\/\/www.zatouk-percussions.fr\/index.php\/galerie\/\">galerie<\/a><\/em> .<\/p><p>N&rsquo;h\u00e9sitez pas \u00e0 nous <a href=\"https:\/\/www.zatouk-percussions.fr\/index.php\/contact\/\"><em>contacter<\/em><\/a> pour agr\u00e9menter vos festivit\u00e9s ou si vous d\u00e9sirez rejoindre la troupe<\/p>\t\t\t\t\t\t\t\t<\/div>\n\t\t\t\t<\/div>\n\t\t\t\t<\/div>\n\t\t\t\t<\/div>\n\t\t","protected":false},"excerpt":{"rendered":"<p>Accueil Presentation Galerie Actualit\u00e9\/Agenda Contact X ZATOUK PERCUSSIONS La batucada du Poizat-Lalleyriat La batucada est une v\u00e9ritable invitation \u00e0 la f\u00eate. D\u00e8s les premiers sons, impossible de rester de marbre face \u00e0 ces rythmes endiabl\u00e9s qui enflamment l\u2019atmosph\u00e8re. Tr\u00e8s populaires au Br\u00e9sil, dans les d\u00e9fil\u00e9s de rue et les carnavals, ces airs\u00a0ont travers\u00e9 l\u2019Oc\u00e9an Atlantique [&hellip;]<\/p>\n","protected":false},"author":2,"featured_media":0,"parent":0,"menu_order":0,"comment_status":"closed","ping_status":"closed","template":"","meta":{"footnotes":""},"class_list":["post-821","page","type-page","status-publish","hentry"],"_links":{"self":[{"href":"https:\/\/www.zatouk-percussions.fr\/index.php\/wp-json\/wp\/v2\/pages\/821","targetHints":{"allow":["GET"]}}],"collection":[{"href":"https:\/\/www.zatouk-percussions.fr\/index.php\/wp-json\/wp\/v2\/pages"}],"about":[{"href":"https:\/\/www.zatouk-percussions.fr\/index.php\/wp-json\/wp\/v2\/types\/page"}],"author":[{"embeddable":true,"href":"https:\/\/www.zatouk-percussions.fr\/index.php\/wp-json\/wp\/v2\/users\/2"}],"replies":[{"embeddable":true,"href":"https:\/\/www.zatouk-percussions.fr\/index.php\/wp-json\/wp\/v2\/comments?post=821"}],"version-history":[{"count":275,"href":"https:\/\/www.zatouk-percussions.fr\/index.php\/wp-json\/wp\/v2\/pages\/821\/revisions"}],"predecessor-version":[{"id":3874,"href":"https:\/\/www.zatouk-percussions.fr\/index.php\/wp-json\/wp\/v2\/pages\/821\/revisions\/3874"}],"wp:attachment":[{"href":"https:\/\/www.zatouk-percussions.fr\/index.php\/wp-json\/wp\/v2\/media?parent=821"}],"curies":[{"name":"wp","href":"https:\/\/api.w.org\/{rel}","templated":true}]}}