{"id":809,"date":"2025-03-01T17:28:50","date_gmt":"2025-03-01T16:28:50","guid":{"rendered":"https:\/\/www.zatouk-percussions.fr\/?page_id=809"},"modified":"2026-01-29T09:56:07","modified_gmt":"2026-01-29T08:56:07","slug":"agenda","status":"publish","type":"page","link":"https:\/\/www.zatouk-percussions.fr\/index.php\/agenda\/","title":{"rendered":"Agenda"},"content":{"rendered":"<nav \n\t\t\tdata-hamburger-icon=\"\" \n\t\t\tdata-hamburger-icon-type=\"icon\" \n\t\t\tdata-responsive-breakpoint=\"1024\"><br \/>\n\t\t\t            <button  type=\"button\" aria-label=\"hamburger-icon\"><br \/>\n                            <\/button><\/p>\n<ul id=\"menu-menu-2\">\n<li data-vertical-menu=750px><a href=\"https:\/\/www.zatouk-percussions.fr\/\">Accueil<\/a><\/li>\n<li data-vertical-menu=750px><a href=\"https:\/\/www.zatouk-percussions.fr\/index.php\/presentation\/\">Presentation<\/a><\/li>\n<li data-vertical-menu=750px><a href=\"https:\/\/www.zatouk-percussions.fr\/index.php\/galerie\/\">Galerie<\/a><\/li>\n<li data-vertical-menu=750px><a href=\"https:\/\/www.zatouk-percussions.fr\/index.php\/agenda\/\">Agenda<\/a><\/li>\n<li data-vertical-menu=750px><a href=\"https:\/\/www.zatouk-percussions.fr\/index.php\/contact\/\">Contact<\/a><\/li>\n<\/ul>\n<p><button type=\"button\">X<\/button><br \/>\n\t\t\t        <\/nav>\n<p>\t\t\t\t\t\t\t\t\t\t\t\t\t\t\t\t<a href=\"https:\/\/www.zatouk-percussions.fr\/index.php\/accueil\/\"><br \/>\n\t\t\t\t\t\t\t<img decoding=\"async\" width=\"150\" height=\"150\" src=\"https:\/\/www.zatouk-percussions.fr\/wp-content\/uploads\/2025\/03\/IMG-20250326-WA0010-150x150.jpg\" alt=\"\" \/>\t\t\t\t\t\t\t\t<\/a><\/p>\n<h2>Actualit\u00e9s de Zatouk Percussions<\/h2>\n<p>Le 02 octobre se tenait l&rsquo;assembl\u00e9e g\u00e9n\u00e9rale de Zatouk Percussions : derniers r\u00e9glages avant une nouvelle ann\u00e9e pleine d&rsquo;\u00e9nergie<\/p>\n<p>\t\t\t\t\t\t\t\t\t\t\t\t\t\t\t<img fetchpriority=\"high\" decoding=\"async\" width=\"800\" height=\"600\" src=\"https:\/\/www.zatouk-percussions.fr\/wp-content\/uploads\/2025\/10\/IMG-20251002-WA0000-1024x768.jpg\" alt=\"\" srcset=\"https:\/\/www.zatouk-percussions.fr\/wp-content\/uploads\/2025\/10\/IMG-20251002-WA0000-1024x768.jpg 1024w, https:\/\/www.zatouk-percussions.fr\/wp-content\/uploads\/2025\/10\/IMG-20251002-WA0000-300x225.jpg 300w, https:\/\/www.zatouk-percussions.fr\/wp-content\/uploads\/2025\/10\/IMG-20251002-WA0000-768x576.jpg 768w, https:\/\/www.zatouk-percussions.fr\/wp-content\/uploads\/2025\/10\/IMG-20251002-WA0000-1536x1152.jpg 1536w, https:\/\/www.zatouk-percussions.fr\/wp-content\/uploads\/2025\/10\/IMG-20251002-WA0000.jpg 1600w\" sizes=\"(max-width: 800px) 100vw, 800px\" \/><br \/>\n\t\t\t\t\t\t\t\t\t\t\t\t\t\t\t<img decoding=\"async\" width=\"800\" height=\"600\" src=\"https:\/\/www.zatouk-percussions.fr\/wp-content\/uploads\/2025\/10\/IMG-20251002-WA0001-1024x768.jpg\" alt=\"\" srcset=\"https:\/\/www.zatouk-percussions.fr\/wp-content\/uploads\/2025\/10\/IMG-20251002-WA0001-1024x768.jpg 1024w, https:\/\/www.zatouk-percussions.fr\/wp-content\/uploads\/2025\/10\/IMG-20251002-WA0001-300x225.jpg 300w, https:\/\/www.zatouk-percussions.fr\/wp-content\/uploads\/2025\/10\/IMG-20251002-WA0001-768x576.jpg 768w, https:\/\/www.zatouk-percussions.fr\/wp-content\/uploads\/2025\/10\/IMG-20251002-WA0001-1536x1152.jpg 1536w, https:\/\/www.zatouk-percussions.fr\/wp-content\/uploads\/2025\/10\/IMG-20251002-WA0001.jpg 1600w\" sizes=\"(max-width: 800px) 100vw, 800px\" \/>\t\t\t\t\t\t\t\t\t\t\t\t\t\t\t<\/p>\n<h1>Agenda des \u00e9v\u00e9nements 2025<\/h1>\n<p>\t\t\t\t\t\t\t\t\t<iframe title=\"\" style=\"width: 1200px; height: 592px; max-width:100%; display: inline-block\" src=\"https:\/\/calendar.google.com\/calendar\/embed?src=evenements.zatoukpercussion%40gmail.com&#038;ctz=Europe%2FParis\" frameborder=\"0\"><\/iframe><\/p>\n","protected":false},"excerpt":{"rendered":"<p>Accueil Presentation Galerie Agenda Contact X Actualit\u00e9s de Zatouk Percussions Le 02 octobre se tenait l&rsquo;assembl\u00e9e g\u00e9n\u00e9rale de Zatouk Percussions : derniers r\u00e9glages avant une nouvelle ann\u00e9e pleine d&rsquo;\u00e9nergie Agenda des \u00e9v\u00e9nements 2025<\/p>\n","protected":false},"author":2,"featured_media":0,"parent":0,"menu_order":0,"comment_status":"closed","ping_status":"closed","template":"","meta":{"footnotes":""},"class_list":["post-809","page","type-page","status-publish","hentry"],"_links":{"self":[{"href":"https:\/\/www.zatouk-percussions.fr\/index.php\/wp-json\/wp\/v2\/pages\/809","targetHints":{"allow":["GET"]}}],"collection":[{"href":"https:\/\/www.zatouk-percussions.fr\/index.php\/wp-json\/wp\/v2\/pages"}],"about":[{"href":"https:\/\/www.zatouk-percussions.fr\/index.php\/wp-json\/wp\/v2\/types\/page"}],"author":[{"embeddable":true,"href":"https:\/\/www.zatouk-percussions.fr\/index.php\/wp-json\/wp\/v2\/users\/2"}],"replies":[{"embeddable":true,"href":"https:\/\/www.zatouk-percussions.fr\/index.php\/wp-json\/wp\/v2\/comments?post=809"}],"version-history":[{"count":84,"href":"https:\/\/www.zatouk-percussions.fr\/index.php\/wp-json\/wp\/v2\/pages\/809\/revisions"}],"predecessor-version":[{"id":3846,"href":"https:\/\/www.zatouk-percussions.fr\/index.php\/wp-json\/wp\/v2\/pages\/809\/revisions\/3846"}],"wp:attachment":[{"href":"https:\/\/www.zatouk-percussions.fr\/index.php\/wp-json\/wp\/v2\/media?parent=809"}],"curies":[{"name":"wp","href":"https:\/\/api.w.org\/{rel}","templated":true}]}}